{"id":10301,"date":"2025-01-17T09:15:13","date_gmt":"2025-01-17T09:15:13","guid":{"rendered":"https:\/\/waescherprinzessin.com\/boutique\/"},"modified":"2025-01-26T10:24:03","modified_gmt":"2025-01-26T10:24:03","slug":"boutique","status":"publish","type":"page","link":"https:\/\/waescherprinzessin.com\/fr\/boutique\/","title":{"rendered":"Boutique"},"content":{"rendered":"<div class=\"wpb-content-wrapper\"><p>[vc_row full_width=\u00a0\u00bbstretch_row\u00a0\u00bb el_id=\u00a0\u00bbBloc d\u2019animation\u00a0\u00bb css=\u00a0\u00bb.vc_custom_1734196362196{margin-bottom: 0px !important;}\u00a0\u00bb el_class=\u00a0\u00bbfirst-row\u00a0\u00bb][vc_column css=\u00a0\u00bb.vc_custom_1614260300943{padding-top: 0px !important;}\u00a0\u00bb]<div id=\"fullwidth-block-69f1a56294b5e\" class=\"fullwidth-block clearfix\"  style=\"padding-bottom: 30px;\"><script type=\"text\/javascript\">if (typeof(gem_fix_fullwidth_position) == \"function\") { gem_fix_fullwidth_position(document.getElementById(\"fullwidth-block-69f1a56294b5e\")); }<\/script><div class=\"fullwidth-block-inner\"><div class=\"container\">[vc_single_image image=\u00a0\u00bb9397&Prime; img_size=\u00a0\u00bbfull\u00a0\u00bb alignment=\u00a0\u00bbright\u00a0\u00bb css=\u00a0\u00bb\u00a0\u00bb interactions_enabled=\u00a0\u00bb1&Prime; mouse_effects=\u00a0\u00bb1&Prime; mouse_effects_direction=\u00a0\u00bbmouse_effects_direction_direct\u00a0\u00bb mouse_effects_speed=\u00a0\u00bb1&Prime; el_class=\u00a0\u00bbsingle-image-wp\u00a0\u00bb][vc_single_image image=\u00a0\u00bb9399&Prime; img_size=\u00a0\u00bbfull\u00a0\u00bb alignment=\u00a0\u00bbright\u00a0\u00bb css=\u00a0\u00bb\u00a0\u00bb interactions_enabled=\u00a0\u00bb1&Prime; mouse_effects=\u00a0\u00bb1&Prime; mouse_effects_speed=\u00a0\u00bb1&Prime; el_class=\u00a0\u00bbsingle-image-wp-kreise\u00a0\u00bb]<div class=\"clearboth\"><\/div><style>#thegem-divider-69f1a56294cfb {margin-top: 260px !important;}<\/style><div id=\"thegem-divider-69f1a56294cfb\" class=\"gem-divider  \" style=\"\" ><\/div><\/div><\/div><\/div>[vc_row_inner z_index=\u00a0\u00bb1000&Prime;][vc_column_inner width=\u00a0\u00bb2\/3&Prime;][vc_column_text css=\u00a0\u00bb\u00a0\u00bb css_animation=\u00a0\u00bbbottom-to-top\u00a0\u00bb]<\/p>\n<div class=\"title-xlarge\"><span style=\"color: #ffffff;\">Amusez-vous<\/span><br \/>\n<span class=\"light\" style=\"color: #ffffff;\"> lors de l\u2019achat du Rhin.<\/span><\/div>\n<p>[\/vc_column_text][vc_column_text css=\u00a0\u00bb\u00a0\u00bb css_animation=\u00a0\u00bbbottom-to-top\u00a0\u00bb]<\/p>\n<div class=\"styled-subtitle\" style=\"color: #ffffff;\">Les articles sont disponibles au bureau de l\u2019administration du district de Beuel, \u00e0 la mairie, Friedrich-Breuer-Str 65, 53225 Bonn<br \/>\nou \u00e0 la boulangerie Schl\u00f6sser, Hermannstra\u00dfe 32, 53225 Bonn<\/div>\n<p>[\/vc_column_text][\/vc_column_inner][vc_column_inner width=\u00a0\u00bb1\/3&Prime;]<div class=\"gem-image gem-wrapbox gem-wrapbox-style-default gem-wrapbox-position-below bild-abgerundet thegem-custom-69f1a56294dcb3271\"  style=\"\" ><div class=\"gem-wrapbox-inner \" ><img class=\"gem-wrapbox-element img-responsive\" src=\"\" alt=\"\"\/><\/div><style type=\"text\/css\">.thegem-custom-69f1a56294dcb3271.gem-image a:hover img {filter: brightness( 100% ) contrast( 100% ) saturate( 100% ) blur( 0px ) hue-rotate( 0deg );}<\/style><\/div>[\/vc_column_inner][\/vc_row_inner][\/vc_column][\/vc_row][vc_section full_width=\u00a0\u00bbstretch_row\u00a0\u00bb css=\u00a0\u00bb.vc_custom_1737105471932{background-color: #FFDD00 !important;background-position: center !important;background-repeat: no-repeat !important;background-size: contain !important;}\u00a0\u00bb][vc_row equal_height=\u00a0\u00bbyes\u00a0\u00bb][vc_column width=\u00a0\u00bb1\/3&Prime; el_class=\u00a0\u00bbshop-box\u00a0\u00bb]<div class=\"gem-textbox \"  ><div class=\"gem-textbox-picture centered-box\"><img src=\"https:\/\/waescherprinzessin.com\/wp-content\/uploads\/2025\/01\/FA_2025-1.png\" alt=\"Festabzeichen 2025\" class=\"img-responsive\" \/><\/div><div class=\"gem-textbox-inner gem-textbox-after-image\" style=\"\"><div class=\"gem-textbox-content\" style=\"background-color: #FFFFFF;background-position: center top;\">[vc_column_text css=\u00a0\u00bb\u00a0\u00bb]<\/p>\n<h4>Badge du Festival 2025<\/h4>\n<p>[\/vc_column_text][vc_column_text css=\u00a0\u00bb\u00a0\u00bb]maintenant disponible \u00e0 la mairie de Beuel.<\/p>\n<p><strong>Prix&nbsp;:<\/strong> 4,\u2013 \u20ac[\/vc_column_text]<\/div><\/div><\/div>[\/vc_column][vc_column width=\u00a0\u00bb1\/3&Prime; el_class=\u00a0\u00bbshop-box\u00a0\u00bb]<div class=\"gem-textbox \"  ><div class=\"gem-textbox-picture centered-box\"><img src=\"https:\/\/waescherprinzessin.com\/wp-content\/uploads\/2025\/01\/karnevalsschal.png\" alt=\"\" class=\"img-responsive\" \/><\/div><div class=\"gem-textbox-inner gem-textbox-after-image\" style=\"\"><div class=\"gem-textbox-content\" style=\"background-color: #FFFFFF;background-position: center top;padding-bottom: 20px;\">[vc_column_text css=\u00a0\u00bb\u00a0\u00bb]<\/p>\n<h4>\u00c9charpe de carnaval<\/h4>\n<p>[\/vc_column_text][vc_column_text css=\u00a0\u00bb\u00a0\u00bb]L\u2019\u00e9charpe est tricot\u00e9e \u00e0 partir de laine jacquard dans les couleurs Beuel bleu et jaune. Il porte l\u2019inscription \u00ab&nbsp;Beueler Weiberfastnacht&nbsp;\u00bb et les armoiries de Beuel. Il est disponible en deux tailles. <strong>Prix&nbsp;:<\/strong> 15,\u2013 \u20ac[\/vc_column_text]<\/div><\/div><\/div>[\/vc_column][vc_column width=\u00a0\u00bb1\/3&Prime; el_class=\u00a0\u00bbshop-box\u00a0\u00bb]<div class=\"gem-textbox \"  ><div class=\"gem-textbox-picture centered-box\"><img src=\"https:\/\/waescherprinzessin.com\/wp-content\/uploads\/2025\/01\/shop-wappen_beuel.jpg\" alt=\"Aufkleber Wappen Beuel\" class=\"img-responsive\" \/><\/div><div class=\"gem-textbox-inner gem-textbox-after-image\" style=\"\"><div class=\"gem-textbox-content\" style=\"background-color: #FFFFFF;background-position: center top;padding-bottom: 20px;\">[vc_column_text css=\u00a0\u00bb\u00a0\u00bb]<\/p>\n<h4>Armoiries de Beuel<\/h4>\n<p>[\/vc_column_text][vc_column_text css=\u00a0\u00bb\u00a0\u00bb]<strong>Autocollants&nbsp;: <\/strong>1,\u2013 \u20ac<\/p>\n<p><strong>Tatouages cutan\u00e9s&nbsp;:<\/strong><br \/>\n1 pi\u00e8ce 0,50 \u20ac<br \/>\n\u00e0 partir de 10 pi\u00e8ces chacun 0,40 \u20ac<br \/>\n\u00e0 partir de 25 pi\u00e8ces chacun 0,30 \u20ac[\/vc_column_text]<\/div><\/div><\/div>[\/vc_column][\/vc_row][vc_row equal_height=\u00a0\u00bbyes\u00a0\u00bb][vc_column width=\u00a0\u00bb1\/3&Prime; el_class=\u00a0\u00bbshop-box\u00a0\u00bb]<div class=\"gem-textbox \"  ><div class=\"gem-textbox-picture centered-box\"><img src=\"https:\/\/waescherprinzessin.com\/wp-content\/uploads\/2025\/01\/beueler-weiberfastnacht_fahne-1-5x0-9m_korr-8-11-2010-web_c3085549d9.jpg\" alt=\"Weiberfastnachts-Fahne\" class=\"img-responsive\" \/><\/div><div class=\"gem-textbox-inner gem-textbox-after-image\" style=\"\"><div class=\"gem-textbox-content\" style=\"background-color: #FFFFFF;background-position: center top;\">[vc_column_text css=\u00a0\u00bb\u00a0\u00bb]<\/p>\n<h4>Drapeau de carnaval des femmes<\/h4>\n<p>[\/vc_column_text][vc_column_text css=\u00a0\u00bb\u00a0\u00bb]Format : hauteur 150 cm x largeur 90 cm et est ajour\u00e9 en haut. Il est bien adapt\u00e9 pour \u00eatre suspendu \u00e0 la fen\u00eatre ou plac\u00e9 sur un mur. <strong>Prix&nbsp;:<\/strong> 15,\u2013 \u20ac[\/vc_column_text]<\/div><\/div><\/div>[\/vc_column][vc_column width=\u00a0\u00bb1\/3&Prime; el_class=\u00a0\u00bbshop-box\u00a0\u00bb]<div class=\"gem-textbox \"  ><div class=\"gem-textbox-picture centered-box\"><img src=\"https:\/\/waescherprinzessin.com\/wp-content\/uploads\/2025\/01\/beuel_fahne-1-5x0-9m_korr-9-11-2010-web_a7660db852.jpg\" alt=\"Beuel-Fahne\" class=\"img-responsive\" \/><\/div><div class=\"gem-textbox-inner gem-textbox-after-image\" style=\"\"><div class=\"gem-textbox-content\" style=\"background-color: #FFFFFF;background-position: center top;padding-bottom: 20px;\">[vc_column_text css=\u00a0\u00bb\u00a0\u00bb]<\/p>\n<h4>Drapeau Beuel<\/h4>\n<p>[\/vc_column_text][vc_column_text css=\u00a0\u00bb\u00a0\u00bb]Format : hauteur 150 cm x largeur 90 cm et est ajour\u00e9 en haut. Il est bien adapt\u00e9 pour \u00eatre suspendu \u00e0 la fen\u00eatre ou plac\u00e9 sur un mur. <strong>Prix&nbsp;:<\/strong> 30,\u2013 \u20ac[\/vc_column_text]<\/div><\/div><\/div>[\/vc_column][vc_column width=\u00a0\u00bb1\/3&Prime; el_class=\u00a0\u00bbshop-box\u00a0\u00bb]<div class=\"gem-textbox \"  ><div class=\"gem-textbox-picture centered-box\"><img src=\"https:\/\/waescherprinzessin.com\/wp-content\/uploads\/2025\/01\/Festbuch_Mock-Up.jpg\" alt=\"Festbuch 2024\" class=\"img-responsive\" \/><\/div><div class=\"gem-textbox-inner gem-textbox-after-image\" style=\"\"><div class=\"gem-textbox-content\" style=\"background-color: #FFFFFF;background-position: center top;padding-bottom: 20px;\">[vc_column_text css=\u00a0\u00bb\u00a0\u00bb]<\/p>\n<h4>Festbuch 2024<\/h4>\n<p>[\/vc_column_text][vc_column_text css=\u00a0\u00bb\u00a0\u00bb]disponible<\/p>\n<p>\u00e0 l\u2019h\u00f4tel de ville de Beuel ou sur commande par e-mail :<br \/>\n<a href=\"mailto:info@waescherprinzessin.de\">info@waescherprinzessin.de<\/a><br \/>\n<strong>Prix :<\/strong> 11,\u2013\u20ac plus frais de port[\/vc_column_text]<\/div><\/div><\/div>[\/vc_column][\/vc_row][\/vc_section][vc_row][vc_column]<div class=\"clearboth\"><\/div><style>#thegem-divider-69f1a56299548 {margin-top: 50px !important;}<\/style><div id=\"thegem-divider-69f1a56299548\" class=\"gem-divider  \" style=\"\" ><\/div>[\/vc_column][\/vc_row]<\/p>\n<\/div>","protected":false},"excerpt":{"rendered":"<p>[vc_row full_width=\u00a0\u00bbstretch_row\u00a0\u00bb el_id=\u00a0\u00bbBloc d\u2019animation\u00a0\u00bb css=\u00a0\u00bb.vc_custom_1734196362196{margin-bottom: 0px !important;}\u00a0\u00bb el_class=\u00a0\u00bbfirst-row\u00a0\u00bb][vc_column css=\u00a0\u00bb.vc_custom_1614260300943{padding-top: 0px !important;}\u00a0\u00bb][vc_row_inner z_index=\u00a0\u00bb1000&Prime;][vc_column_inner width=\u00a0\u00bb2\/3&Prime;][vc_column_text css=\u00a0\u00bb\u00a0\u00bb css_animation=\u00a0\u00bbbottom-to-top\u00a0\u00bb] Amusez-vous lors de l\u2019achat du&#8230;<\/p>\n","protected":false},"author":1,"featured_media":0,"parent":0,"menu_order":0,"comment_status":"closed","ping_status":"closed","template":"","meta":{"footnotes":""},"class_list":["post-10301","page","type-page","status-publish"],"_links":{"self":[{"href":"https:\/\/waescherprinzessin.com\/fr\/wp-json\/wp\/v2\/pages\/10301","targetHints":{"allow":["GET"]}}],"collection":[{"href":"https:\/\/waescherprinzessin.com\/fr\/wp-json\/wp\/v2\/pages"}],"about":[{"href":"https:\/\/waescherprinzessin.com\/fr\/wp-json\/wp\/v2\/types\/page"}],"author":[{"embeddable":true,"href":"https:\/\/waescherprinzessin.com\/fr\/wp-json\/wp\/v2\/users\/1"}],"replies":[{"embeddable":true,"href":"https:\/\/waescherprinzessin.com\/fr\/wp-json\/wp\/v2\/comments?post=10301"}],"version-history":[{"count":11,"href":"https:\/\/waescherprinzessin.com\/fr\/wp-json\/wp\/v2\/pages\/10301\/revisions"}],"predecessor-version":[{"id":11773,"href":"https:\/\/waescherprinzessin.com\/fr\/wp-json\/wp\/v2\/pages\/10301\/revisions\/11773"}],"wp:attachment":[{"href":"https:\/\/waescherprinzessin.com\/fr\/wp-json\/wp\/v2\/media?parent=10301"}],"curies":[{"name":"wp","href":"https:\/\/api.w.org\/{rel}","templated":true}]}}