{"id":10347,"date":"2024-12-31T14:50:56","date_gmt":"2024-12-31T14:50:56","guid":{"rendered":"https:\/\/waescherprinzessin.com\/wordless\/"},"modified":"2025-01-17T12:27:27","modified_gmt":"2025-01-17T12:27:27","slug":"wordless","status":"publish","type":"page","link":"https:\/\/waescherprinzessin.com\/fr\/wordless\/","title":{"rendered":"Wordless"},"content":{"rendered":"<div class=\"wpb-content-wrapper\"><p>[vc_row full_width=\u00a0\u00bbstretch_row\u00a0\u00bb el_id=\u00a0\u00bbBloc d\u2019animation\u00a0\u00bb css=\u00a0\u00bb.vc_custom_1734196362196{margin-bottom: 0px !important;}\u00a0\u00bb el_class=\u00a0\u00bbfirst-row\u00a0\u00bb][vc_column css=\u00a0\u00bb.vc_custom_1614260300943{padding-top: 0px !important;}\u00a0\u00bb]<div id=\"fullwidth-block-69f4940c87666\" class=\"fullwidth-block clearfix\"  style=\"padding-bottom: 30px;\"><script type=\"text\/javascript\">if (typeof(gem_fix_fullwidth_position) == \"function\") { gem_fix_fullwidth_position(document.getElementById(\"fullwidth-block-69f4940c87666\")); }<\/script><div class=\"fullwidth-block-inner\"><div class=\"container\">[vc_single_image image=\u00a0\u00bb9397&Prime; img_size=\u00a0\u00bbfull\u00a0\u00bb alignment=\u00a0\u00bbright\u00a0\u00bb css=\u00a0\u00bb\u00a0\u00bb interactions_enabled=\u00a0\u00bb1&Prime; mouse_effects=\u00a0\u00bb1&Prime; mouse_effects_direction=\u00a0\u00bbmouse_effects_direction_direct\u00a0\u00bb mouse_effects_speed=\u00a0\u00bb1&Prime; el_class=\u00a0\u00bbsingle-image-wp\u00a0\u00bb][vc_single_image image=\u00a0\u00bb9399&Prime; img_size=\u00a0\u00bbfull\u00a0\u00bb alignment=\u00a0\u00bbright\u00a0\u00bb css=\u00a0\u00bb\u00a0\u00bb interactions_enabled=\u00a0\u00bb1&Prime; mouse_effects=\u00a0\u00bb1&Prime; mouse_effects_speed=\u00a0\u00bb1&Prime; el_class=\u00a0\u00bbsingle-image-wp-kreise\u00a0\u00bb]<div class=\"clearboth\"><\/div><style>#thegem-divider-69f4940c87744 {margin-top: 260px !important;}<\/style><div id=\"thegem-divider-69f4940c87744\" class=\"gem-divider  \" style=\"\" ><\/div>[vc_column_text css=\u00a0\u00bb\u00a0\u00bb css_animation=\u00a0\u00bbbottom-to-top\u00a0\u00bb]<\/p>\n<div class=\"title-xlarge\"><span style=\"color: #ffffff;\">Ces images parlent d\u2019elles-m\u00eames \u2013<\/span> <span class=\"light\" style=\"color: #ffffff;\">et de la princesse blanchisseuse.<\/span><\/div>\n<p>[\/vc_column_text]<\/div><\/div><\/div>[vc_row_inner z_index=\u00a0\u00bb1000&Prime;][vc_column_inner width=\u00a0\u00bb2\/3&Prime;][vc_column_text css=\u00a0\u00bb\u00a0\u00bb css_animation=\u00a0\u00bbbottom-to-top\u00a0\u00bb]<\/p>\n<div class=\"styled-subtitle\" style=\"color: #ffffff;\">Sans paroles \u2013 le nom de la cat\u00e9gorie parle de lui-m\u00eame. Parce que sur cette page et les suivantes de la chronique, nous voulons laisser parler les images. Sans commentaire. Sans trop d\u2019explications. Il suffit de regarder et d\u2019appr\u00e9cier. Vous trouverez ici une s\u00e9lection des plus belles photos des derni\u00e8res s\u00e9ances. Tous les autres clich\u00e9s ne sont pas du monde, mais peuvent \u00eatre trouv\u00e9s chez les paparazzis du carnaval. Donc, si vous cherchez quelque chose d\u2019historique, vous \u00eates invit\u00e9s \u00e0 y naviguer.       <\/div>\n<p>[\/vc_column_text]<div class=\"clearboth\"><\/div><style>#thegem-divider-69f4940c877b9 {margin-top: 150px !important;}<\/style><div id=\"thegem-divider-69f4940c877b9\" class=\"gem-divider  \" style=\"\" ><\/div>[\/vc_column_inner][vc_column_inner width=\u00a0\u00bb1\/3&Prime;]<div class=\"gem-image gem-wrapbox gem-wrapbox-style-default gem-wrapbox-position-below bild-abgerundet thegem-custom-69f4940c878105208\"  style=\"\" ><div class=\"gem-wrapbox-inner \" ><img class=\"gem-wrapbox-element img-responsive\" src=\"https:\/\/waescherprinzessin.com\/wp-content\/uploads\/2024\/12\/wortlos-start.jpg\" alt=\"\"\/><\/div><style type=\"text\/css\">.thegem-custom-69f4940c878105208.gem-image a:hover img {filter: brightness( 100% ) contrast( 100% ) saturate( 100% ) blur( 0px ) hue-rotate( 0deg );}<\/style><\/div>[\/vc_column_inner][\/vc_row_inner][\/vc_column][\/vc_row][vc_row full_width=\u00a0\u00bbstretch_row\u00a0\u00bb css=\u00a0\u00bb.vc_custom_1735198944122{margin-bottom: 0px !important;background-color: #FFFFFF !important;}\u00a0\u00bb el_id=\u00a0\u00bbBloc d\u2019animation\u00a0\u00bb custom_css_code=\u00a0\u00bbLmxpbmUtYmxvY2slMjAuZ2VtLXRleHRib3glMjAlN0IlMEElMjAlMjAlMjAlMjB6LWluZGV4JTNBJTIwMTAlM0IlMEElN0QlMEEuYnV0dG9uLXB1bHNlJTIwJTdCJTBBJTIwJTIwcG9zaXRpb24lM0ElMjByZWxhdGl2ZSUzQiUwQSUyMCUyMHRvcCUzQSUyMDUwJTI1JTNCJTBBJTIwJTIwbWFyZ2luJTNBMCUyMGF1dG8lM0IlMEElMjAlMjB3aWR0aCUzQSUyMDgwcHglM0IlMEElMjAlMjBoZWlnaHQlM0ElMjA4MHB4JTNCJTBBJTIwJTIwYm9yZGVyLXJhZGl1cyUzQSUyMDUwJTI1JTNCJTBBJTIwJTIwdHJhbnNpdGlvbiUzQSUyMDAuNXMlM0IlMEElMjAlMjB6LWluZGV4JTNBJTIwMTAlM0IlMEElN0QlMEElMEEuYnV0dG9uLXB1bHNlJTNBJTNBYmVmb3JlJTJDJTBBLmJ1dHRvbi1wdWxzZSUzQSUzQWFmdGVyJTIwJTdCJTBBJTIwJTIwY29udGVudCUzQSUyMCUyMiUyMiUzQiUwQSUyMCUyMHBvc2l0aW9uJTNBJTIwYWJzb2x1dGUlM0IlMEElMjAlMjBib3JkZXIlM0ElMjAxcHglMjBzb2xpZCUyMCUyM2ZmZmZmZiUzQiUwQSUyMCUyMGxlZnQlM0ElMjAtMjBweCUzQiUwQSUyMCUyMHJpZ2h0JTNBJTIwLTIwcHglM0IlMEElMjAlMjB0b3AlM0ElMjAtMjBweCUzQiUwQSUyMCUyMGJvdHRvbSUzQSUyMC0yMHB4JTNCJTBBJTIwJTIwYm9yZGVyLXJhZGl1cyUzQSUyMDUwJTI1JTNCJTBBJTIwJTIwYW5pbWF0aW9uJTNBJTIwYnV0dG9uLXB1bHNlJTIwMS44cyUyMGxpbmVhciUyMGluZmluaXRlJTNCJTBBJTIwJTIwb3BhY2l0eSUzQSUyMDAlM0IlMEElMjAlMjB6LWluZGV4JTNBJTIwLTElM0IlMEElN0QlMEEuYnV0dG9uLXB1bHNlJTNBJTNBYWZ0ZXIlMjAlN0IlMEElMjAlMjBhbmltYXRpb24tZGVsYXklM0ElMjAwLjVzJTNCJTBBJTdEJTBBJTQwbWVkaWElMjhtYXgtd2lkdGglM0ElMjA3NjdweCUyOSU3QiUwQSUyMCUyMC5idXR0b24tcHVsc2UlMjAlN0IlMEElMjAlMjAlMjAlMjAlMjBoZWlnaHQlM0ElMjBhdXRvJTNCJTBBJTIwJTIwJTdEJTBBJTIwJTIwLmJ1dHRvbi1wdWxzZSUzQSUzQWJlZm9yZSUyQyUyMC5idXR0b24tcHVsc2UlM0ElM0FhZnRlciU3QiUwQSUyMCUyMCUyMCUyMCUyMGRpc3BsYXklM0Fub25lJTNCJTBBJTIwJTIwJTdEJTBBJTdE\u00a0\u00bb][vc_column css=\u00a0\u00bb.vc_custom_1612883258231{padding-top: 0px !important;}\u00a0\u00bb]<div id=\"fullwidth-block-69f4940c88132\" class=\"fullwidth-block clearfix\"  style=\"\"><script type=\"text\/javascript\">if (typeof(gem_fix_fullwidth_position) == \"function\") { gem_fix_fullwidth_position(document.getElementById(\"fullwidth-block-69f4940c88132\")); }<\/script><div class=\"fullwidth-block-inner\">[vc_single_image image=\u00a0\u00bb9403&Prime; img_size=\u00a0\u00bbfull\u00a0\u00bb css=\u00a0\u00bb\u00a0\u00bb interactions_enabled=\u00a0\u00bb1&Prime; vertical_scroll=\u00a0\u00bb1&Prime; vertical_scroll_direction=\u00a0\u00bbvertical_scroll_direction_down\u00a0\u00bb vertical_scroll_speed=\u00a0\u00bb4&Prime; el_class=\u00a0\u00bbgear-1-200&Prime;]<\/div><\/div><div class=\"clearboth\"><\/div><style>#thegem-divider-69f4940c881b0 {margin-top: 85px !important;}<\/style><div id=\"thegem-divider-69f4940c881b0\" class=\"gem-divider  \" style=\"\" ><\/div>[vc_row_inner][vc_column_inner][vc_masonry_media_grid style=\u00a0\u00bbload-more\u00a0\u00bb items_per_page=\u00a0\u00bb20&Prime; element_width=\u00a0\u00bb3&Prime; css=\u00a0\u00bb\u00a0\u00bb grid_id=\u00a0\u00bbvc_gid:1735752894420-6c4a6a90-6437-6&Prime; include=\u00a0\u00bb9845,9835,9837,9839,9841,9843,9847,9849,9851,9853,9855,9857,9859,9861,9863,9865,9867,9869,9871,9873,9875,9877,9879,9743,9881,9883,9885,9887,9889&Prime;][\/vc_column_inner][\/vc_row_inner][\/vc_column][\/vc_row][vc_section full_width=\u00a0\u00bbstretch_row\u00a0\u00bb css=\u00a0\u00bb.vc_custom_1735202391401{margin-top: 0px !important;padding-top: 0px !important;background-color: #FFFFFF !important;}\u00a0\u00bb][vc_row full_width=\u00a0\u00bbstretch_row\u00a0\u00bb css=\u00a0\u00bb.vc_custom_1735199146958{margin-bottom: 0px !important;background-color: #FFFFFF !important;}\u00a0\u00bb el_class=\u00a0\u00bbz-index-row\u00a0\u00bb][vc_column css=\u00a0\u00bb.vc_custom_1600933044423{padding-top: 0px !important;}\u00a0\u00bb]<div id=\"fullwidth-block-69f4940c881f2\" class=\"fullwidth-block clearfix\"  style=\"\"><script type=\"text\/javascript\">if (typeof(gem_fix_fullwidth_position) == \"function\") { gem_fix_fullwidth_position(document.getElementById(\"fullwidth-block-69f4940c881f2\")); }<\/script><div class=\"fullwidth-block-inner\">[vc_single_image image=\u00a0\u00bb9431&Prime; img_size=\u00a0\u00bbfull\u00a0\u00bb alignment=\u00a0\u00bbright\u00a0\u00bb css=\u00a0\u00bb.vc_custom_1735199500928{margin-right: 0px !important;padding-right: 0px !important;}\u00a0\u00bb interactions_enabled=\u00a0\u00bb1&Prime; vertical_scroll=\u00a0\u00bb1&Prime; vertical_scroll_speed=\u00a0\u00bb4&Prime; el_class=\u00a0\u00bbgear-2 wp-kreis-rechts\u00a0\u00bb]<\/div><\/div>[vc_row_inner][vc_column_inner][vc_column_text css=\u00a0\u00bb\u00a0\u00bb]Un grand merci aux paparazzis du carnaval, en particulier \u00e0 ARNO SCHATZ, MARION M\u00dcLLER-WHITE et HERBERT FROHN pour avoir fourni les superbes photos pour notre site&nbsp;![\/vc_column_text][\/vc_column_inner][\/vc_row_inner]<div class=\"clearboth\"><\/div><style>#thegem-divider-69f4940c88250 {margin-top: 150px !important;}<\/style><div id=\"thegem-divider-69f4940c88250\" class=\"gem-divider  \" style=\"\" ><\/div>[vc_row_inner][vc_column_inner width=\u00a0\u00bb1\/2&Prime;][vc_column_text css=\u00a0\u00bb\u00a0\u00bb]Les meilleures photos du carnaval de Beuel, \u00e9galement class\u00e9es par \u00e9v\u00e9nement, peuvent \u00eatre trouv\u00e9es ici :<br \/>\n<a href=\"https:\/\/www.karneval-paparazzi.de\/\" target=\"_blank\" rel=\"noopener\">www.karneval-paparazzi.de<\/a>[\/vc_column_text][\/vc_column_inner][vc_column_inner width=\u00a0\u00bb1\/2&Prime;][vc_single_image image=\u00a0\u00bb9457&Prime; img_size=\u00a0\u00bbfull\u00a0\u00bb onclick=\u00a0\u00bbcustom_link\u00a0\u00bb img_link_target=\u00a0\u00bb_blank\u00a0\u00bb css=\u00a0\u00bb\u00a0\u00bb link=\u00a0\u00bbhttps:\/\/www.karneval-paparazzi.de\/\u00a0\u00bb][\/vc_column_inner][\/vc_row_inner][\/vc_column][\/vc_row][\/vc_section]<\/p>\n<\/div>","protected":false},"excerpt":{"rendered":"<p>[vc_row full_width=\u00a0\u00bbstretch_row\u00a0\u00bb el_id=\u00a0\u00bbBloc d\u2019animation\u00a0\u00bb css=\u00a0\u00bb.vc_custom_1734196362196{margin-bottom: 0px !important;}\u00a0\u00bb el_class=\u00a0\u00bbfirst-row\u00a0\u00bb][vc_column css=\u00a0\u00bb.vc_custom_1614260300943{padding-top: 0px !important;}\u00a0\u00bb][vc_row_inner z_index=\u00a0\u00bb1000&Prime;][vc_column_inner width=\u00a0\u00bb2\/3&Prime;][vc_column_text css=\u00a0\u00bb\u00a0\u00bb css_animation=\u00a0\u00bbbottom-to-top\u00a0\u00bb] Sans paroles \u2013 le nom&#8230;<\/p>\n","protected":false},"author":1,"featured_media":0,"parent":0,"menu_order":0,"comment_status":"closed","ping_status":"closed","template":"","meta":{"footnotes":""},"class_list":["post-10347","page","type-page","status-publish"],"_links":{"self":[{"href":"https:\/\/waescherprinzessin.com\/fr\/wp-json\/wp\/v2\/pages\/10347","targetHints":{"allow":["GET"]}}],"collection":[{"href":"https:\/\/waescherprinzessin.com\/fr\/wp-json\/wp\/v2\/pages"}],"about":[{"href":"https:\/\/waescherprinzessin.com\/fr\/wp-json\/wp\/v2\/types\/page"}],"author":[{"embeddable":true,"href":"https:\/\/waescherprinzessin.com\/fr\/wp-json\/wp\/v2\/users\/1"}],"replies":[{"embeddable":true,"href":"https:\/\/waescherprinzessin.com\/fr\/wp-json\/wp\/v2\/comments?post=10347"}],"version-history":[{"count":3,"href":"https:\/\/waescherprinzessin.com\/fr\/wp-json\/wp\/v2\/pages\/10347\/revisions"}],"predecessor-version":[{"id":10389,"href":"https:\/\/waescherprinzessin.com\/fr\/wp-json\/wp\/v2\/pages\/10347\/revisions\/10389"}],"wp:attachment":[{"href":"https:\/\/waescherprinzessin.com\/fr\/wp-json\/wp\/v2\/media?parent=10347"}],"curies":[{"name":"wp","href":"https:\/\/api.w.org\/{rel}","templated":true}]}}