{"id":11897,"date":"2025-01-05T12:29:16","date_gmt":"2025-01-05T12:29:16","guid":{"rendered":"https:\/\/waescherprinzessin.com\/empreinte\/"},"modified":"2026-04-14T14:07:50","modified_gmt":"2026-04-14T14:07:50","slug":"empreinte","status":"publish","type":"page","link":"https:\/\/waescherprinzessin.com\/fr\/empreinte\/","title":{"rendered":"Empreinte"},"content":{"rendered":"<div class=\"wpb-content-wrapper\"><p>[vc_row content_width=\u00a0\u00bbgrid\u00a0\u00bb css=\u00a0\u00bb.vc_custom_1507310752118{padding-top: 20px !important;padding-bottom: 50px !important;}\u00a0\u00bb][vc_column][vc_row_inner content_width=\u00a0\u00bbgrid\u00a0\u00bb][vc_column_inner][vc_column_text css=\u00a0\u00bb\u00a0\u00bb]<\/p>\n<h1>Empreinte<\/h1>\n<p><strong>Propri\u00e9taire des pages :<\/strong><br \/>\nF\u00f6rderverein<br \/>\nBeueler Weiberfastnacht e.V.<br \/>\nrepr\u00e9sent\u00e9 par la pr\u00e9sidente<br \/>\nIna Harder<\/p>\n<p><strong>Adresse :<\/strong><br \/>\nF\u00f6rderverein<br \/>\nBeueler Weiberfastnacht e.V.<br \/>\nc\/o Bezirksverwaltungsstelle Beuel<br \/>\nRathaus Beuel<br \/>\nFriedrich-Breuer-Str. 65<br \/>\n53225 Bonn <\/p>\n<p><strong>Autres membres du conseil d&rsquo;administration :<\/strong><br \/>\nVice-pr\u00e9sidents :<br \/>\nRalf Birkner et Hans Hallitzky<br \/>\nAssesseurs :<br \/>\nEvi Zwiebler, Patricia Burgunder<br \/>\nTr\u00e9sorier : Manfred Krahe<\/p>\n<p><strong>Bankverbindungen des F\u00f6rdervereins:<\/strong><br \/>\nVolksbank K\u00f6ln Bonn eG<br \/>\nKonto: 3010835010, BLZ: 380 601 86<br \/>\nIBAN: DE16 3806 0186 3010 8350 10<br \/>\nBIC: GENODED1BRS<\/p>\n<p>Sparkasse K\u00f6lnBonn<br \/>\nKonto: 329189300, BLZ: 370 501 98<br \/>\nIBAN: DE38 3705 0198 0032 9193 00<br \/>\nBIC: COLSDE33XXX<\/p>\n<p><strong>Conception d\u2019Internet<\/strong><br \/>\nNina Probst<br \/>\nChef de projet pour le marketing et la communication<br \/>\nT\u00e9l\u00e9phone&nbsp;: 0172 266 11 14<br \/>\n<a href=\"mailto:hundertpro@ninaprobst.de\">hundertpro@ninaprobst.de<\/a><br \/>\n<a href=\"https:\/\/ninaprobst.de\">www.ninaprobst.de<\/a><\/p>\n<p><strong>Droits \u00e0 l\u2019image :<\/strong><br \/>\nL\u2019utilisation et la reproduction des images ne sont autoris\u00e9es qu\u2019apr\u00e8s demande \u00e9crite et avec une autorisation \u00e9crite.<br \/>\nLes photos sont la propri\u00e9t\u00e9 des paparazzis du carnaval : Arno Schatz, Marion M\u00fcller-Withe, Herbert Frohn, Kristina Grommes, Helmut M\u00fcller et l\u2019association des amis de Beueler Weiterfastnacht.<\/p>\n<p>La photo de Marco Rudolph a \u00e9t\u00e9 prise par Sascha Engst, le photographe de la ville (Copyright : Stadt Bonn\/Sascha Engst)[\/vc_column_text][\/vc_column_inner][\/vc_row_inner][vc_row_inner content_width=\u00a0\u00bbgrid\u00a0\u00bb css=\u00a0\u00bb.vc_custom_1509873362553{padding-top: 30px !important;padding-bottom: 50px !important;}\u00a0\u00bb][vc_column_inner][vc_column_text]<\/p>\n<h1>D\u00e9menti<\/h1>\n<p><strong>Responsabilit\u00e9<\/strong><br \/>\nLe contenu de ce site web a \u00e9t\u00e9 cr\u00e9\u00e9 avec le plus grand soin. Cependant, l&rsquo;association \u00ab\u00a0F\u00f6rderverein Weiberfastnacht e.V.\u00a0\u00bb ne peut pas garantir l&rsquo;exactitude, l&rsquo;exhaustivit\u00e9 et l&rsquo;actualit\u00e9 des contenus mis \u00e0 disposition. L&rsquo;utilisation du contenu du site se fait aux risques et p\u00e9rils de l&rsquo;utilisateur. Les contributions nomm\u00e9es refl\u00e8tent l&rsquo;opinion de l&rsquo;auteur respectif et pas toujours l&rsquo;opinion du fournisseur.   <\/p>\n<p><strong>Liens externes<\/strong><br \/>\nLe tribunal de grande instance de Hambourg a d\u00e9cid\u00e9, dans son jugement du 12.05.1998, que la publication d&rsquo;un lien peut entra\u00eener une co-responsabilit\u00e9 pour le contenu de la page li\u00e9e. Selon le tribunal, cela ne peut \u00eatre \u00e9vit\u00e9 que si l&rsquo;on se distancie express\u00e9ment de ces contenus. Nous proposons sur notre site des liens vers d&rsquo;autres sites Internet. Pour tous ces liens, la r\u00e8gle suivante s&rsquo;applique   <\/p>\n<p>L&rsquo;association \u00ab\u00a0F\u00f6rderverein Weiberfastnacht e.V.\u00a0\u00bb, en tant qu&rsquo;\u00e9diteur, souligne express\u00e9ment qu&rsquo;elle n&rsquo;a aucune influence sur la conception et le contenu des pages auxquelles elle renvoie. C&rsquo;est pourquoi nous prenons express\u00e9ment nos distances par rapport \u00e0 tous les contenus de toutes les pages li\u00e9es sur l&rsquo;ensemble du site, y compris toutes les sous-pages. Cette d\u00e9claration s&rsquo;applique \u00e0 tous les liens figurant sur les pages web et \u00e0 tous les contenus des pages auxquelles m\u00e8nent des liens ou des banni\u00e8res\u00a0\u00bb.  <\/p>\n<p><strong>Droit d&rsquo;auteur<\/strong><br \/>\nLes contenus publi\u00e9s sur ce site Internet sont soumis au droit d&rsquo;auteur et aux droits voisins allemands. Toute utilisation non autoris\u00e9e par le droit d&rsquo;auteur et les droits voisins allemands n\u00e9cessite l&rsquo;accord \u00e9crit pr\u00e9alable de l&rsquo;association de soutien Weiberfastnacht e.V. ou du d\u00e9tenteur des droits respectifs. Cela s&rsquo;applique en particulier \u00e0 la reproduction, au traitement, \u00e0 la traduction, \u00e0 l&rsquo;enregistrement, au traitement ou \u00e0 la reproduction de contenus dans des bases de donn\u00e9es ou d&rsquo;autres m\u00e9dias et syst\u00e8mes \u00e9lectroniques.  <\/p>\n<p>La reproduction ou la transmission non autoris\u00e9e de contenus individuels, d&rsquo;images ou de textes, ou de pages compl\u00e8tes est interdite et punissable. Seule la r\u00e9alisation de copies et de t\u00e9l\u00e9chargements pour un usage personnel, priv\u00e9 et (non commercial) est autoris\u00e9e. <\/p>\n<p>L&rsquo;affichage de ce site web dans des cadres \u00e9trangers n&rsquo;est autoris\u00e9 qu&rsquo;avec une permission \u00e9crite.<\/p>\n<p><strong>Protection des donn\u00e9es<\/strong><br \/>\nLorsque vous visitez notre site web, des informations sur l&rsquo;acc\u00e8s (date, heure, page consult\u00e9e) peuvent \u00eatre enregistr\u00e9es. Ces donn\u00e9es ne font pas partie des donn\u00e9es \u00e0 caract\u00e8re personnel, mais sont anonymes. Elles sont uniquement utilis\u00e9es \u00e0 des fins statistiques. Elles ne sont pas transmises \u00e0 des tiers, \u00e0 des fins commerciales ou non.   <\/p>\n<p>Nous attirons express\u00e9ment votre attention sur le fait que la transmission de donn\u00e9es sur Internet (par ex. lors de la communication par e-mail) pr\u00e9sente des failles de s\u00e9curit\u00e9 et ne peut pas \u00eatre enti\u00e8rement prot\u00e9g\u00e9e contre l&rsquo;acc\u00e8s de tiers.<\/p>\n<p>L&rsquo;utilisation des donn\u00e9es de contact des mentions l\u00e9gales \u00e0 des fins de publicit\u00e9 commerciale est express\u00e9ment interdite, sauf si le F\u00f6rderverein Weiberfastnacht e.V. a donn\u00e9 son accord \u00e9crit pr\u00e9alable ou s&rsquo;il existe d\u00e9j\u00e0 une relation commerciale. Le fournisseur et toutes les personnes mentionn\u00e9es sur ce site web s&rsquo;opposent par la pr\u00e9sente \u00e0 toute utilisation commerciale et \u00e0 la transmission de leurs donn\u00e9es.[\/vc_column_text][\/vc_column_inner][\/vc_row_inner][\/vc_column][\/vc_row]<\/p>\n<\/div>","protected":false},"excerpt":{"rendered":"<p>[vc_row content_width=\u00a0\u00bbgrid\u00a0\u00bb css=\u00a0\u00bb.vc_custom_1507310752118{padding-top: 20px !important;padding-bottom: 50px !important;}\u00a0\u00bb][vc_column][vc_row_inner content_width=\u00a0\u00bbgrid\u00a0\u00bb][vc_column_inner][vc_column_text css=\u00a0\u00bb\u00a0\u00bb] Empreinte Propri\u00e9taire des pages : F\u00f6rderverein Beueler Weiberfastnacht e.V. repr\u00e9sent\u00e9 par&#8230;<\/p>\n","protected":false},"author":1,"featured_media":0,"parent":0,"menu_order":0,"comment_status":"closed","ping_status":"open","template":"","meta":{"footnotes":""},"class_list":["post-11897","page","type-page","status-publish"],"_links":{"self":[{"href":"https:\/\/waescherprinzessin.com\/fr\/wp-json\/wp\/v2\/pages\/11897","targetHints":{"allow":["GET"]}}],"collection":[{"href":"https:\/\/waescherprinzessin.com\/fr\/wp-json\/wp\/v2\/pages"}],"about":[{"href":"https:\/\/waescherprinzessin.com\/fr\/wp-json\/wp\/v2\/types\/page"}],"author":[{"embeddable":true,"href":"https:\/\/waescherprinzessin.com\/fr\/wp-json\/wp\/v2\/users\/1"}],"replies":[{"embeddable":true,"href":"https:\/\/waescherprinzessin.com\/fr\/wp-json\/wp\/v2\/comments?post=11897"}],"version-history":[{"count":6,"href":"https:\/\/waescherprinzessin.com\/fr\/wp-json\/wp\/v2\/pages\/11897\/revisions"}],"predecessor-version":[{"id":12441,"href":"https:\/\/waescherprinzessin.com\/fr\/wp-json\/wp\/v2\/pages\/11897\/revisions\/12441"}],"wp:attachment":[{"href":"https:\/\/waescherprinzessin.com\/fr\/wp-json\/wp\/v2\/media?parent=11897"}],"curies":[{"name":"wp","href":"https:\/\/api.w.org\/{rel}","templated":true}]}}